    {"id":1777,"date":"2025-04-28T20:29:03","date_gmt":"2025-04-28T18:29:03","guid":{"rendered":"https:\/\/lachendebestien.eu\/projekty\/"},"modified":"2025-09-29T14:22:40","modified_gmt":"2025-09-29T12:22:40","slug":"projects","status":"publish","type":"page","link":"https:\/\/lachendebestien.eu\/en\/projects\/","title":{"rendered":"Projects"},"content":{"rendered":"\t\t<div data-elementor-type=\"wp-page\" data-elementor-id=\"1777\" class=\"elementor elementor-1777 elementor-246\" data-elementor-post-type=\"page\">\n\t\t\t\t<div class=\"elementor-element elementor-element-8e3dcd0 e-flex e-con-boxed e-con e-parent\" data-id=\"8e3dcd0\" data-element_type=\"container\">\n\t\t\t\t\t<div class=\"e-con-inner\">\n\t\t<div class=\"elementor-element elementor-element-d5cbe11 e-con-full e-flex e-con e-child\" data-id=\"d5cbe11\" data-element_type=\"container\" data-settings=\"{&quot;background_background&quot;:&quot;classic&quot;}\">\n\t\t\t\t<div class=\"elementor-element elementor-element-0d5ba91 elementor-widget elementor-widget-heading\" data-id=\"0d5ba91\" data-element_type=\"widget\" data-widget_type=\"heading.default\">\n\t\t\t\t<div class=\"elementor-widget-container\">\n\t\t\t\t\t<h1 class=\"elementor-heading-title elementor-size-default\">Projects<\/h1>\t\t\t\t<\/div>\n\t\t\t\t<\/div>\n\t\t\t\t<div class=\"elementor-element elementor-element-46179c4 elementor-widget elementor-widget-taxonomy-filter\" data-id=\"46179c4\" data-element_type=\"widget\" data-settings=\"{&quot;selected_element&quot;:&quot;b20523c&quot;,&quot;taxonomy&quot;:&quot;statuss&quot;,&quot;multiple_selection&quot;:&quot;no&quot;,&quot;horizontal_scroll&quot;:&quot;disable&quot;}\" data-widget_type=\"taxonomy-filter.default\">\n\t\t\t\t<div class=\"elementor-widget-container\">\n\t\t\t\t\t\t\t<search class=\"e-filter\" role=\"search\" data-base-url=\"https:\/\/lachendebestien.eu\/en\/\" data-page-num=\"1\">\n\t\t\t\t\t\t\t<button class=\"e-filter-item\" data-filter=\"active\" aria-pressed=\"false\">Active<\/button>\n\t\t\t\t\t\t\t<button class=\"e-filter-item\" data-filter=\"in-preparation\" aria-pressed=\"false\">In Preparation<\/button>\n\t\t\t\t\t\t\t<button class=\"e-filter-item\" data-filter=\"archive\" aria-pressed=\"false\">Archive<\/button>\n\t\t\t\n\t\t\t\t\t\t\t\t<\/search>\n\t\t\t\t\t\t<\/div>\n\t\t\t\t<\/div>\n\t\t\t\t<div class=\"elementor-element elementor-element-b20523c elementor-grid-3 elementor-grid-tablet-2 elementor-grid-mobile-1 elementor-widget elementor-widget-loop-grid\" data-id=\"b20523c\" data-element_type=\"widget\" data-settings=\"{&quot;template_id&quot;:260,&quot;_skin&quot;:&quot;post&quot;,&quot;columns&quot;:&quot;3&quot;,&quot;columns_tablet&quot;:&quot;2&quot;,&quot;columns_mobile&quot;:&quot;1&quot;,&quot;edit_handle_selector&quot;:&quot;[data-elementor-type=\\&quot;loop-item\\&quot;]&quot;,&quot;row_gap&quot;:{&quot;unit&quot;:&quot;px&quot;,&quot;size&quot;:&quot;&quot;,&quot;sizes&quot;:[]},&quot;row_gap_tablet&quot;:{&quot;unit&quot;:&quot;px&quot;,&quot;size&quot;:&quot;&quot;,&quot;sizes&quot;:[]},&quot;row_gap_mobile&quot;:{&quot;unit&quot;:&quot;px&quot;,&quot;size&quot;:&quot;&quot;,&quot;sizes&quot;:[]}}\" data-widget_type=\"loop-grid.post\">\n\t\t\t\t<div class=\"elementor-widget-container\">\n\t\t\t\t\t\t\t<div class=\"elementor-loop-container elementor-grid\" role=\"list\">\n\t\t<style id=\"loop-260\">.elementor-260 .elementor-element.elementor-element-a35952f{--display:flex;--justify-content:flex-end;--align-items:flex-start;--container-widget-width:calc( ( 1 - var( --container-widget-flex-grow ) ) * 100% );--padding-top:0px;--padding-bottom:0px;--padding-left:0px;--padding-right:0px;}.elementor-widget-image .widget-image-caption{color:var( --e-global-color-text );font-family:var( --e-global-typography-text-font-family ), Sans-serif;font-weight:var( --e-global-typography-text-font-weight );}.elementor-widget-post-info .elementor-icon-list-item:not(:last-child):after{border-color:var( --e-global-color-text );}.elementor-widget-post-info .elementor-icon-list-icon i{color:var( --e-global-color-primary );}.elementor-widget-post-info .elementor-icon-list-icon svg{fill:var( --e-global-color-primary );}.elementor-widget-post-info .elementor-icon-list-text, .elementor-widget-post-info .elementor-icon-list-text a{color:var( --e-global-color-secondary );}.elementor-widget-post-info .elementor-icon-list-item{font-family:var( --e-global-typography-text-font-family ), Sans-serif;font-weight:var( --e-global-typography-text-font-weight );}.elementor-260 .elementor-element.elementor-element-7f855b8 > .elementor-widget-container{background-color:var( --e-global-color-primary );margin:0px 0px 0px 0px;padding:5px 15px 5px 15px;}body:not(.rtl) .elementor-260 .elementor-element.elementor-element-7f855b8{left:0px;}body.rtl .elementor-260 .elementor-element.elementor-element-7f855b8{right:0px;}.elementor-260 .elementor-element.elementor-element-7f855b8{bottom:22px;}.elementor-260 .elementor-element.elementor-element-7f855b8 .elementor-icon-list-item{font-family:\"Anton\", Sans-serif;font-size:20px;font-weight:400;text-transform:uppercase;}\/* Start custom CSS for container, class: .elementor-element-a35952f *\/.komponenta-projekty-loop-grid{\n        aspect-ratio: 1 \/ 1;\n    object-fit: cover;\n    background-size: cover;\n    background-position: center;\n}\/* End custom CSS *\/<\/style>\t\t<div data-elementor-type=\"loop-item\" data-elementor-id=\"260\" class=\"elementor elementor-260 e-loop-item e-loop-item-1842 post-1842 projekt type-projekt status-publish has-post-thumbnail hentry statuss-in-preparation\" data-elementor-post-type=\"elementor_library\" data-custom-edit-handle=\"1\">\n\t\t\t<a class=\"elementor-element elementor-element-a35952f komponenta-projekty-loop-grid e-flex e-con-boxed e-con e-parent\" data-id=\"a35952f\" data-element_type=\"container\" data-settings=\"{&quot;background_background&quot;:&quot;classic&quot;}\" href=\"https:\/\/lachendebestien.eu\/en\/projekt\/hrdinove-kapitalisticke-prace-v-evrope\/\">\n\t\t\t\t\t<div class=\"e-con-inner\">\n\t\t\t\t<div class=\"elementor-element elementor-element-603ec8b komponenta-projekty-loop-grid-img elementor-widget elementor-widget-image\" data-id=\"603ec8b\" data-element_type=\"widget\" data-widget_type=\"image.default\">\n\t\t\t\t<div class=\"elementor-widget-container\">\n\t\t\t\t\t\t\t\t\t\t\t\t\t\t\t<img fetchpriority=\"high\" decoding=\"async\" width=\"674\" height=\"1024\" src=\"https:\/\/lachendebestien.eu\/wp-content\/uploads\/2025\/09\/Hrdinove-kapitalisticke-prace-v-Evrope-674x1024.jpeg\" class=\"attachment-large size-large wp-image-1649\" alt=\"\" srcset=\"https:\/\/lachendebestien.eu\/wp-content\/uploads\/2025\/09\/Hrdinove-kapitalisticke-prace-v-Evrope-674x1024.jpeg 674w, https:\/\/lachendebestien.eu\/wp-content\/uploads\/2025\/09\/Hrdinove-kapitalisticke-prace-v-Evrope-197x300.jpeg 197w, https:\/\/lachendebestien.eu\/wp-content\/uploads\/2025\/09\/Hrdinove-kapitalisticke-prace-v-Evrope-768x1168.jpeg 768w, https:\/\/lachendebestien.eu\/wp-content\/uploads\/2025\/09\/Hrdinove-kapitalisticke-prace-v-Evrope-1010x1536.jpeg 1010w, https:\/\/lachendebestien.eu\/wp-content\/uploads\/2025\/09\/Hrdinove-kapitalisticke-prace-v-Evrope.jpeg 1263w\" sizes=\"(max-width: 674px) 100vw, 674px\" \/>\t\t\t\t\t\t\t\t\t\t\t\t\t\t\t<\/div>\n\t\t\t\t<\/div>\n\t\t\t\t<div class=\"elementor-element elementor-element-7f855b8 komponenta-projekty-loop-grid-title elementor-absolute elementor-widget elementor-widget-post-info\" data-id=\"7f855b8\" data-element_type=\"widget\" data-settings=\"{&quot;_position&quot;:&quot;absolute&quot;}\" data-widget_type=\"post-info.default\">\n\t\t\t\t<div class=\"elementor-widget-container\">\n\t\t\t\t\t\t\t<ul class=\"elementor-inline-items elementor-icon-list-items elementor-post-info\">\n\t\t\t\t\t\t\t\t<li class=\"elementor-icon-list-item elementor-repeater-item-bbdc9d1 elementor-inline-item\">\n\t\t\t\t\t\t\t\t\t\t\t\t\t<span class=\"elementor-icon-list-text elementor-post-info__item elementor-post-info__item--type-custom\">\n\t\t\t\t\t\t\t\t\t\tHrdinove\u0301 kapitalisticke\u0301 pra\u0301ce v Evrop\u011b\t\t\t\t\t<\/span>\n\t\t\t\t\t\t\t\t<\/li>\n\t\t\t\t<\/ul>\n\t\t\t\t\t\t<\/div>\n\t\t\t\t<\/div>\n\t\t\t\t\t<\/div>\n\t\t\t\t<\/a>\n\t\t\t\t<\/div>\n\t\t\t\t<div data-elementor-type=\"loop-item\" data-elementor-id=\"260\" class=\"elementor elementor-260 e-loop-item e-loop-item-1763 post-1763 projekt type-projekt status-publish has-post-thumbnail hentry statuss-active\" data-elementor-post-type=\"elementor_library\" data-custom-edit-handle=\"1\">\n\t\t\t<a class=\"elementor-element elementor-element-a35952f komponenta-projekty-loop-grid e-flex e-con-boxed e-con e-parent\" data-id=\"a35952f\" data-element_type=\"container\" data-settings=\"{&quot;background_background&quot;:&quot;classic&quot;}\" href=\"https:\/\/lachendebestien.eu\/en\/projekt\/oidipus-utopia\/\">\n\t\t\t\t\t<div class=\"e-con-inner\">\n\t\t\t\t<div class=\"elementor-element elementor-element-603ec8b komponenta-projekty-loop-grid-img elementor-widget elementor-widget-image\" data-id=\"603ec8b\" data-element_type=\"widget\" data-widget_type=\"image.default\">\n\t\t\t\t<div class=\"elementor-widget-container\">\n\t\t\t\t\t\t\t\t\t\t\t\t\t\t\t<img decoding=\"async\" width=\"800\" height=\"450\" src=\"https:\/\/lachendebestien.eu\/wp-content\/uploads\/2025\/10\/AT_4507_nahled-1024x576.jpg\" class=\"attachment-large size-large wp-image-1887\" alt=\"\" srcset=\"https:\/\/lachendebestien.eu\/wp-content\/uploads\/2025\/10\/AT_4507_nahled-1024x576.jpg 1024w, https:\/\/lachendebestien.eu\/wp-content\/uploads\/2025\/10\/AT_4507_nahled-300x169.jpg 300w, https:\/\/lachendebestien.eu\/wp-content\/uploads\/2025\/10\/AT_4507_nahled-768x432.jpg 768w, https:\/\/lachendebestien.eu\/wp-content\/uploads\/2025\/10\/AT_4507_nahled-1536x864.jpg 1536w, https:\/\/lachendebestien.eu\/wp-content\/uploads\/2025\/10\/AT_4507_nahled.jpg 2000w\" sizes=\"(max-width: 800px) 100vw, 800px\" \/>\t\t\t\t\t\t\t\t\t\t\t\t\t\t\t<\/div>\n\t\t\t\t<\/div>\n\t\t\t\t<div class=\"elementor-element elementor-element-7f855b8 komponenta-projekty-loop-grid-title elementor-absolute elementor-widget elementor-widget-post-info\" data-id=\"7f855b8\" data-element_type=\"widget\" data-settings=\"{&quot;_position&quot;:&quot;absolute&quot;}\" data-widget_type=\"post-info.default\">\n\t\t\t\t<div class=\"elementor-widget-container\">\n\t\t\t\t\t\t\t<ul class=\"elementor-inline-items elementor-icon-list-items elementor-post-info\">\n\t\t\t\t\t\t\t\t<li class=\"elementor-icon-list-item elementor-repeater-item-bbdc9d1 elementor-inline-item\">\n\t\t\t\t\t\t\t\t\t\t\t\t\t<span class=\"elementor-icon-list-text elementor-post-info__item elementor-post-info__item--type-custom\">\n\t\t\t\t\t\t\t\t\t\tOidipus Utopia\t\t\t\t\t<\/span>\n\t\t\t\t\t\t\t\t<\/li>\n\t\t\t\t<\/ul>\n\t\t\t\t\t\t<\/div>\n\t\t\t\t<\/div>\n\t\t\t\t\t<\/div>\n\t\t\t\t<\/a>\n\t\t\t\t<\/div>\n\t\t\t\t<div data-elementor-type=\"loop-item\" data-elementor-id=\"260\" class=\"elementor elementor-260 e-loop-item e-loop-item-1740 post-1740 projekt type-projekt status-publish has-post-thumbnail hentry statuss-active\" data-elementor-post-type=\"elementor_library\" data-custom-edit-handle=\"1\">\n\t\t\t<a class=\"elementor-element elementor-element-a35952f komponenta-projekty-loop-grid e-flex e-con-boxed e-con e-parent\" data-id=\"a35952f\" data-element_type=\"container\" data-settings=\"{&quot;background_background&quot;:&quot;classic&quot;}\" href=\"https:\/\/lachendebestien.eu\/en\/projekt\/jako-lvi-aneb-sestup-a-vzestup-pana-b\/\">\n\t\t\t\t\t<div class=\"e-con-inner\">\n\t\t\t\t<div class=\"elementor-element elementor-element-603ec8b komponenta-projekty-loop-grid-img elementor-widget elementor-widget-image\" data-id=\"603ec8b\" data-element_type=\"widget\" data-widget_type=\"image.default\">\n\t\t\t\t<div class=\"elementor-widget-container\">\n\t\t\t\t\t\t\t\t\t\t\t\t\t\t\t<img decoding=\"async\" width=\"800\" height=\"400\" src=\"https:\/\/lachendebestien.eu\/wp-content\/uploads\/2025\/04\/HP-img-1-1024x512.jpg\" class=\"attachment-large size-large wp-image-175\" alt=\"\" srcset=\"https:\/\/lachendebestien.eu\/wp-content\/uploads\/2025\/04\/HP-img-1-1024x512.jpg 1024w, https:\/\/lachendebestien.eu\/wp-content\/uploads\/2025\/04\/HP-img-1-300x150.jpg 300w, https:\/\/lachendebestien.eu\/wp-content\/uploads\/2025\/04\/HP-img-1-768x384.jpg 768w, https:\/\/lachendebestien.eu\/wp-content\/uploads\/2025\/04\/HP-img-1-1536x768.jpg 1536w, https:\/\/lachendebestien.eu\/wp-content\/uploads\/2025\/04\/HP-img-1-2048x1024.jpg 2048w\" sizes=\"(max-width: 800px) 100vw, 800px\" \/>\t\t\t\t\t\t\t\t\t\t\t\t\t\t\t<\/div>\n\t\t\t\t<\/div>\n\t\t\t\t<div class=\"elementor-element elementor-element-7f855b8 komponenta-projekty-loop-grid-title elementor-absolute elementor-widget elementor-widget-post-info\" data-id=\"7f855b8\" data-element_type=\"widget\" data-settings=\"{&quot;_position&quot;:&quot;absolute&quot;}\" data-widget_type=\"post-info.default\">\n\t\t\t\t<div class=\"elementor-widget-container\">\n\t\t\t\t\t\t\t<ul class=\"elementor-inline-items elementor-icon-list-items elementor-post-info\">\n\t\t\t\t\t\t\t\t<li class=\"elementor-icon-list-item elementor-repeater-item-bbdc9d1 elementor-inline-item\">\n\t\t\t\t\t\t\t\t\t\t\t\t\t<span class=\"elementor-icon-list-text elementor-post-info__item elementor-post-info__item--type-custom\">\n\t\t\t\t\t\t\t\t\t\tJako lvi aneb Sestup a vzestup pana B.\t\t\t\t\t<\/span>\n\t\t\t\t\t\t\t\t<\/li>\n\t\t\t\t<\/ul>\n\t\t\t\t\t\t<\/div>\n\t\t\t\t<\/div>\n\t\t\t\t\t<\/div>\n\t\t\t\t<\/a>\n\t\t\t\t<\/div>\n\t\t\t\t<div data-elementor-type=\"loop-item\" data-elementor-id=\"260\" class=\"elementor elementor-260 e-loop-item e-loop-item-1733 post-1733 projekt type-projekt status-publish has-post-thumbnail hentry statuss-archive\" data-elementor-post-type=\"elementor_library\" data-custom-edit-handle=\"1\">\n\t\t\t<a class=\"elementor-element elementor-element-a35952f komponenta-projekty-loop-grid e-flex e-con-boxed e-con e-parent\" data-id=\"a35952f\" data-element_type=\"container\" data-settings=\"{&quot;background_background&quot;:&quot;classic&quot;}\" href=\"https:\/\/lachendebestien.eu\/en\/projekt\/kohlhaas\/\">\n\t\t\t\t\t<div class=\"e-con-inner\">\n\t\t\t\t<div class=\"elementor-element elementor-element-603ec8b komponenta-projekty-loop-grid-img elementor-widget elementor-widget-image\" data-id=\"603ec8b\" data-element_type=\"widget\" data-widget_type=\"image.default\">\n\t\t\t\t<div class=\"elementor-widget-container\">\n\t\t\t\t\t\t\t\t\t\t\t\t\t\t\t<img loading=\"lazy\" decoding=\"async\" width=\"800\" height=\"443\" src=\"https:\/\/lachendebestien.eu\/wp-content\/uploads\/2025\/04\/Kohlhaas-LB-web-50-of-162-1024x567.jpg\" class=\"attachment-large size-large wp-image-1339\" alt=\"\" srcset=\"https:\/\/lachendebestien.eu\/wp-content\/uploads\/2025\/04\/Kohlhaas-LB-web-50-of-162-1024x567.jpg 1024w, https:\/\/lachendebestien.eu\/wp-content\/uploads\/2025\/04\/Kohlhaas-LB-web-50-of-162-300x166.jpg 300w, https:\/\/lachendebestien.eu\/wp-content\/uploads\/2025\/04\/Kohlhaas-LB-web-50-of-162-768x426.jpg 768w, https:\/\/lachendebestien.eu\/wp-content\/uploads\/2025\/04\/Kohlhaas-LB-web-50-of-162-1536x851.jpg 1536w, https:\/\/lachendebestien.eu\/wp-content\/uploads\/2025\/04\/Kohlhaas-LB-web-50-of-162.jpg 1920w\" sizes=\"(max-width: 800px) 100vw, 800px\" \/>\t\t\t\t\t\t\t\t\t\t\t\t\t\t\t<\/div>\n\t\t\t\t<\/div>\n\t\t\t\t<div class=\"elementor-element elementor-element-7f855b8 komponenta-projekty-loop-grid-title elementor-absolute elementor-widget elementor-widget-post-info\" data-id=\"7f855b8\" data-element_type=\"widget\" data-settings=\"{&quot;_position&quot;:&quot;absolute&quot;}\" data-widget_type=\"post-info.default\">\n\t\t\t\t<div class=\"elementor-widget-container\">\n\t\t\t\t\t\t\t<ul class=\"elementor-inline-items elementor-icon-list-items elementor-post-info\">\n\t\t\t\t\t\t\t\t<li class=\"elementor-icon-list-item elementor-repeater-item-bbdc9d1 elementor-inline-item\">\n\t\t\t\t\t\t\t\t\t\t\t\t\t<span class=\"elementor-icon-list-text elementor-post-info__item elementor-post-info__item--type-custom\">\n\t\t\t\t\t\t\t\t\t\tKohlhaas\t\t\t\t\t<\/span>\n\t\t\t\t\t\t\t\t<\/li>\n\t\t\t\t<\/ul>\n\t\t\t\t\t\t<\/div>\n\t\t\t\t<\/div>\n\t\t\t\t\t<\/div>\n\t\t\t\t<\/a>\n\t\t\t\t<\/div>\n\t\t\t\t<div data-elementor-type=\"loop-item\" data-elementor-id=\"260\" class=\"elementor elementor-260 e-loop-item e-loop-item-1737 post-1737 projekt type-projekt status-publish has-post-thumbnail hentry statuss-active\" data-elementor-post-type=\"elementor_library\" data-custom-edit-handle=\"1\">\n\t\t\t<a class=\"elementor-element elementor-element-a35952f komponenta-projekty-loop-grid e-flex e-con-boxed e-con e-parent\" data-id=\"a35952f\" data-element_type=\"container\" data-settings=\"{&quot;background_background&quot;:&quot;classic&quot;}\" href=\"https:\/\/lachendebestien.eu\/en\/projekt\/vojcek-_jednorozmerny-clovek\/\">\n\t\t\t\t\t<div class=\"e-con-inner\">\n\t\t\t\t<div class=\"elementor-element elementor-element-603ec8b komponenta-projekty-loop-grid-img elementor-widget elementor-widget-image\" data-id=\"603ec8b\" data-element_type=\"widget\" data-widget_type=\"image.default\">\n\t\t\t\t<div class=\"elementor-widget-container\">\n\t\t\t\t\t\t\t\t\t\t\t\t\t\t\t<img loading=\"lazy\" decoding=\"async\" width=\"800\" height=\"400\" src=\"https:\/\/lachendebestien.eu\/wp-content\/uploads\/2025\/03\/VOJCEK-_jednorozmerny-clovek-1024x512.jpg\" class=\"attachment-large size-large wp-image-244\" alt=\"\" srcset=\"https:\/\/lachendebestien.eu\/wp-content\/uploads\/2025\/03\/VOJCEK-_jednorozmerny-clovek-1024x512.jpg 1024w, https:\/\/lachendebestien.eu\/wp-content\/uploads\/2025\/03\/VOJCEK-_jednorozmerny-clovek-300x150.jpg 300w, https:\/\/lachendebestien.eu\/wp-content\/uploads\/2025\/03\/VOJCEK-_jednorozmerny-clovek-768x384.jpg 768w, https:\/\/lachendebestien.eu\/wp-content\/uploads\/2025\/03\/VOJCEK-_jednorozmerny-clovek-1536x768.jpg 1536w, https:\/\/lachendebestien.eu\/wp-content\/uploads\/2025\/03\/VOJCEK-_jednorozmerny-clovek.jpg 1920w\" sizes=\"(max-width: 800px) 100vw, 800px\" \/>\t\t\t\t\t\t\t\t\t\t\t\t\t\t\t<\/div>\n\t\t\t\t<\/div>\n\t\t\t\t<div class=\"elementor-element elementor-element-7f855b8 komponenta-projekty-loop-grid-title elementor-absolute elementor-widget elementor-widget-post-info\" data-id=\"7f855b8\" data-element_type=\"widget\" data-settings=\"{&quot;_position&quot;:&quot;absolute&quot;}\" data-widget_type=\"post-info.default\">\n\t\t\t\t<div class=\"elementor-widget-container\">\n\t\t\t\t\t\t\t<ul class=\"elementor-inline-items elementor-icon-list-items elementor-post-info\">\n\t\t\t\t\t\t\t\t<li class=\"elementor-icon-list-item elementor-repeater-item-bbdc9d1 elementor-inline-item\">\n\t\t\t\t\t\t\t\t\t\t\t\t\t<span class=\"elementor-icon-list-text elementor-post-info__item elementor-post-info__item--type-custom\">\n\t\t\t\t\t\t\t\t\t\tVOJCEK _jednorozm\u011brn\u00fd \u010dlov\u011bk\t\t\t\t\t<\/span>\n\t\t\t\t\t\t\t\t<\/li>\n\t\t\t\t<\/ul>\n\t\t\t\t\t\t<\/div>\n\t\t\t\t<\/div>\n\t\t\t\t\t<\/div>\n\t\t\t\t<\/a>\n\t\t\t\t<\/div>\n\t\t\t\t<\/div>\n\t\t\n\t\t\t\t\t\t<\/div>\n\t\t\t\t<\/div>\n\t\t\t\t<\/div>\n\t\t\t\t\t<\/div>\n\t\t\t\t<\/div>\n\t\t\t\t<\/div>\n\t\t","protected":false},"excerpt":{"rendered":"<p>Aktu\u00e1ln\u00ed Archiv P\u0159ipravujeme<\/p>\n","protected":false},"author":1,"featured_media":0,"parent":0,"menu_order":0,"comment_status":"closed","ping_status":"closed","template":"","meta":{"_acf_changed":false,"footnotes":""},"class_list":["post-1777","page","type-page","status-publish","hentry"],"acf":[],"_links":{"self":[{"href":"https:\/\/lachendebestien.eu\/en\/wp-json\/wp\/v2\/pages\/1777","targetHints":{"allow":["GET"]}}],"collection":[{"href":"https:\/\/lachendebestien.eu\/en\/wp-json\/wp\/v2\/pages"}],"about":[{"href":"https:\/\/lachendebestien.eu\/en\/wp-json\/wp\/v2\/types\/page"}],"author":[{"embeddable":true,"href":"https:\/\/lachendebestien.eu\/en\/wp-json\/wp\/v2\/users\/1"}],"replies":[{"embeddable":true,"href":"https:\/\/lachendebestien.eu\/en\/wp-json\/wp\/v2\/comments?post=1777"}],"version-history":[{"count":2,"href":"https:\/\/lachendebestien.eu\/en\/wp-json\/wp\/v2\/pages\/1777\/revisions"}],"predecessor-version":[{"id":1783,"href":"https:\/\/lachendebestien.eu\/en\/wp-json\/wp\/v2\/pages\/1777\/revisions\/1783"}],"wp:attachment":[{"href":"https:\/\/lachendebestien.eu\/en\/wp-json\/wp\/v2\/media?parent=1777"}],"curies":[{"name":"wp","href":"https:\/\/api.w.org\/{rel}","templated":true}]}}